{"id":1986,"date":"2021-09-27T18:28:21","date_gmt":"2021-09-27T18:28:21","guid":{"rendered":"https:\/\/forumnaucalpan.com.mx\/?page_id=1986"},"modified":"2022-02-03T23:40:56","modified_gmt":"2022-02-03T23:40:56","slug":"eficiencia","status":"publish","type":"page","link":"https:\/\/forumnaucalpan.com.mx\/index.php\/eficiencia\/","title":{"rendered":"Eficiencia"},"content":{"rendered":"<p>[vc_row css_animation=\"\" row_type=\"row\" use_row_as_full_screen_section=\"no\" type=\"full_width\" angled_section=\"no\" text_align=\"left\" background_image_as_pattern=\"without_pattern\" z_index=\"\"][vc_column width=\"1\/6\" css=\".vc_custom_1640816931700{margin-left: 10px !important;}\"][\/vc_column][vc_column width=\"2\/3\"][vc_empty_space height=\"20px\"][vc_column_text]<\/p>\n<p style=\"font-size: 16px; text-align: center;\">Uno de los grandes diferenciadores de Forum Naucalpan, es la eficiencia en el dise\u00f1o arquitect\u00f3nico.<\/p>\n<p style=\"font-size: 16px; text-align: center;\">Esto es la capacidad de aprovechar cada metro cuadrado arrendado, y al maximizar el aprovechamiento del espacio, se minimizan los costos de renta, mantenimiento y gastos operativos.<\/p>\n<p>[\/vc_column_text][vc_empty_space height=\"12px\"][\/vc_column][vc_column width=\"1\/6\"][\/vc_column][\/vc_row][vc_row css_animation=\"element_from_bottom\" row_type=\"row\" use_row_as_full_screen_section=\"no\" type=\"full_width\" angled_section=\"no\" text_align=\"left\" background_image_as_pattern=\"without_pattern\" z_index=\"\" css=\".vc_custom_1643765869725{background-color: #ededed !important;}\" el_class=\".hideonmobile\"][vc_column][vc_row_inner row_type=\"row\" type=\"grid\" text_align=\"left\" css_animation=\"\"][vc_column_inner][vc_single_image image=\"2501\" img_size=\"full\" alignment=\"center\" qode_css_animation=\"\"][\/vc_column_inner][\/vc_row_inner][\/vc_column][\/vc_row][vc_row css_animation=\"element_from_bottom\" row_type=\"row\" use_row_as_full_screen_section=\"no\" type=\"full_width\" angled_section=\"no\" text_align=\"left\" background_image_as_pattern=\"without_pattern\" z_index=\"\" el_class=\".hideondesktop\"][vc_column][vc_single_image image=\"2614\" img_size=\"full\" alignment=\"center\" qode_css_animation=\"\"][\/vc_column][\/vc_row][vc_row css_animation=\"element_from_bottom\" row_type=\"row\" use_row_as_full_screen_section=\"no\" type=\"grid\" angled_section=\"no\" text_align=\"left\" background_image_as_pattern=\"without_pattern\" z_index=\"\" css=\".vc_custom_1640817593256{background-color: #424d63 !important;}\"][vc_column][vc_row_inner row_type=\"row\" type=\"full_width\" text_align=\"left\" css_animation=\"\"][vc_column_inner width=\"1\/6\"][\/vc_column_inner][vc_column_inner width=\"2\/3\"][vc_empty_space][vc_column_text]<\/p>\n<p style=\"color: #ffffff; font-size: 16px; text-align: center;\">Tambi\u00e9n contamos con alta eficiencia de dise\u00f1o de ingenier\u00edas, teniendo incre\u00edbles eficiencias en consumo de energ\u00eda y agua.\u00a0 M\u00e1s importante a\u00fan, para el inquilino que busca minimizar sus gastos operativos.<\/p>\n<p>[\/vc_column_text][vc_single_image image=\"1937\" img_size=\"full\" alignment=\"center\" qode_css_animation=\"\" css=\".vc_custom_1632767566001{background-color: #414c60 !important;}\"][\/vc_column_inner][vc_column_inner width=\"1\/6\"][\/vc_column_inner][\/vc_row_inner][vc_empty_space][\/vc_column][\/vc_row][vc_row css_animation=\"\" row_type=\"row\" use_row_as_full_screen_section=\"no\" type=\"grid\" angled_section=\"no\" text_align=\"left\" background_image_as_pattern=\"without_pattern\" z_index=\"\"][vc_column width=\"1\/2\"][vc_empty_space]<div class=\"q_icon_list\"><i class=\"qode_icon_font_awesome fa fa-check qode-ili-icon-holder transparent\" style=\"font-size: 15px;color: #414c60;\" ><\/i><p style=\"font-size: 15px;margin-bottom: 10px;\">Certificaci\u00f3n LEED Oro<\/p><\/div><div class=\"q_icon_list\"><i class=\"qode_icon_font_awesome fa fa-check qode-ili-icon-holder transparent\" style=\"font-size: 15px;color: #414c60;\" ><\/i><p style=\"font-size: 15px;margin-bottom: 10px;\">Dise\u00f1ado para cumplir con los est\u00e1ndares ASHRAE<\/p><\/div><div class=\"q_icon_list\"><i class=\"qode_icon_font_awesome fa fa-check qode-ili-icon-holder transparent\" style=\"font-size: 15px;color: #414c60;\" ><\/i><p style=\"font-size: 15px;margin-bottom: 10px;\">Calidad en el ambiente interior y abundante luz natural<\/p><\/div><div class=\"q_icon_list\"><i class=\"qode_icon_font_awesome fa fa-check qode-ili-icon-holder transparent\" style=\"font-size: 15px;color: #414c60;\" ><\/i><p style=\"font-size: 15px;margin-bottom: 10px;\">Alta Eficiencia de Disen\u0303o del 92% para ma\u0301ximo rendimiento de espacios<\/p><\/div><div class=\"q_icon_list\"><i class=\"qode_icon_font_awesome fa fa-check qode-ili-icon-holder transparent\" style=\"font-size: 15px;color: #414c60;\" ><\/i><p style=\"font-size: 15px;margin-bottom: 10px;\">12 eficientes pisos con un promedio de 2,150 m2<\/p><\/div><div class=\"q_icon_list\"><i class=\"qode_icon_font_awesome fa fa-check qode-ili-icon-holder transparent\" style=\"font-size: 15px;color: #414c60;\" ><\/i><p style=\"font-size: 15px;margin-bottom: 10px;\">2 balcones en cada piso y terrazas grandes de Piso 1 y PH<\/p><\/div><div class=\"q_icon_list\"><i class=\"qode_icon_font_awesome fa fa-check qode-ili-icon-holder transparent\" style=\"font-size: 15px;color: #414c60;\" ><\/i><p style=\"font-size: 15px;margin-bottom: 10px;\">Eficiente desplazamiento vertical dividido en 8 elevadores de pasajeros<\/p><\/div><div class=\"q_icon_list\"><i class=\"qode_icon_font_awesome fa fa-check qode-ili-icon-holder transparent\" style=\"font-size: 15px;color: #414c60;\" ><\/i><p style=\"font-size: 15px;margin-bottom: 10px;\">3 elevadores para estacionamiento ma\u0301s un montacargas<\/p><\/div><div class=\"q_icon_list\"><i class=\"qode_icon_font_awesome fa fa-check qode-ili-icon-holder transparent\" style=\"font-size: 15px;color: #414c60;\" ><\/i><p style=\"font-size: 15px;margin-bottom: 10px;\">6 so\u0301tanos de estacionamiento de capacidad superior a la norma<\/p><\/div><div class=\"q_icon_list\"><i class=\"qode_icon_font_awesome fa fa-check qode-ili-icon-holder transparent\" style=\"font-size: 15px;color: #414c60;\" ><\/i><p style=\"font-size: 15px;margin-bottom: 10px;\">Con valet parking para visitas<\/p><\/div>[\/vc_column][vc_column width=\"1\/2\"][vc_empty_space]<div class=\"q_icon_list\"><i class=\"qode_icon_font_awesome fa fa-check qode-ili-icon-holder transparent\" style=\"font-size: 15px;color: #414c60;\" ><\/i><p style=\"font-size: 15px;margin-bottom: 10px;\">Cisterna y planta de tratamiento de agua<\/p><\/div><div class=\"q_icon_list\"><i class=\"qode_icon_font_awesome fa fa-check qode-ili-icon-holder transparent\" style=\"font-size: 15px;color: #414c60;\" ><\/i><p style=\"font-size: 15px;margin-bottom: 10px;\">Seguridad 24\/7 con sistema centralizado de CCTV<\/p><\/div><div class=\"q_icon_list\"><i class=\"qode_icon_font_awesome fa fa-check qode-ili-icon-holder transparent\" style=\"font-size: 15px;color: #414c60;\" ><\/i><p style=\"font-size: 15px;margin-bottom: 10px;\">Sistema contra incendios NFPA<\/p><\/div><div class=\"q_icon_list\"><i class=\"qode_icon_font_awesome fa fa-check qode-ili-icon-holder transparent\" style=\"font-size: 15px;color: #414c60;\" ><\/i><p style=\"font-size: 15px;margin-bottom: 10px;\">Operacio\u0301n de las oficinas totalmente independiente de las a\u0301reas comerciales<\/p><\/div><div class=\"q_icon_list\"><i class=\"qode_icon_font_awesome fa fa-check qode-ili-icon-holder transparent\" style=\"font-size: 15px;color: #414c60;\" ><\/i><p style=\"font-size: 15px;margin-bottom: 10px;\">Aire acondicionado con manejadores preinstalados<\/p><\/div><div class=\"q_icon_list\"><i class=\"qode_icon_font_awesome fa fa-check qode-ili-icon-holder transparent\" style=\"font-size: 15px;color: #414c60;\" ><\/i><p style=\"font-size: 15px;margin-bottom: 10px;\">Capacidad ele\u0301ctrica de 2 transformadores de 1,000 KVA para oficinas<\/p><\/div><div class=\"q_icon_list\"><i class=\"qode_icon_font_awesome fa fa-check qode-ili-icon-holder transparent\" style=\"font-size: 15px;color: #414c60;\" ><\/i><p style=\"font-size: 15px;margin-bottom: 10px;\">Motor Lobby dedicado para usuarios de las oficinas<\/p><\/div><div class=\"q_icon_list\"><i class=\"qode_icon_font_awesome fa fa-check qode-ili-icon-holder transparent\" style=\"font-size: 15px;color: #414c60;\" ><\/i><p style=\"font-size: 15px;margin-bottom: 10px;\">Inquilinos mayores con acceso a tarifas de media tensio\u0301n<\/p><\/div><div class=\"q_icon_list\"><i class=\"qode_icon_font_awesome fa fa-check qode-ili-icon-holder transparent\" style=\"font-size: 15px;color: #414c60;\" ><\/i><p style=\"font-size: 15px;margin-bottom: 10px;\">Un espacio dedicado para plantas de emergencia de los usuarios<\/p><\/div><div class=\"q_icon_list\"><i class=\"qode_icon_font_awesome fa fa-check qode-ili-icon-holder transparent\" style=\"font-size: 15px;color: #414c60;\" ><\/i><p style=\"font-size: 15px;margin-bottom: 10px;\">Cristales Low-E Duo Vent que aislan y reducen los brillos y el ruido<\/p><\/div>[\/vc_column][\/vc_row][vc_row css_animation=\"\" row_type=\"row\" use_row_as_full_screen_section=\"no\" type=\"full_width\" angled_section=\"no\" text_align=\"left\" background_image_as_pattern=\"without_pattern\"][vc_column][vc_empty_space height=\"45px\" css=\".vc_custom_1632767570278{background-color: #414c60 !important;}\"][\/vc_column][\/vc_row]<\/p>\n","protected":false},"excerpt":{"rendered":"<p>[vc_row css_animation=\"\" row_type=\"row\" use_row_as_full_screen_section=\"no\" type=\"full_width\" angled_section=\"no\" text_align=\"left\" background_image_as_pattern=\"without_pattern\" z_index=\"\"][vc_column width=\"1\/6\" css=\".vc_custom_1640816931700{margin-left: 10px !important;}\"][\/vc_column][vc_column width=\"2\/3\"][vc_empty_space height=\"20px\"][vc_column_text] Uno de los grandes diferenciadores de Forum Naucalpan, es la eficiencia en el dise\u00f1o arquitect\u00f3nico. Esto es la capacidad de aprovechar cada metro cuadrado arrendado, y al maximizar el aprovechamiento...<\/p>\n","protected":false},"author":1,"featured_media":0,"parent":0,"menu_order":0,"comment_status":"closed","ping_status":"closed","template":"full_width.php","meta":[],"_links":{"self":[{"href":"https:\/\/forumnaucalpan.com.mx\/index.php\/wp-json\/wp\/v2\/pages\/1986"}],"collection":[{"href":"https:\/\/forumnaucalpan.com.mx\/index.php\/wp-json\/wp\/v2\/pages"}],"about":[{"href":"https:\/\/forumnaucalpan.com.mx\/index.php\/wp-json\/wp\/v2\/types\/page"}],"author":[{"embeddable":true,"href":"https:\/\/forumnaucalpan.com.mx\/index.php\/wp-json\/wp\/v2\/users\/1"}],"replies":[{"embeddable":true,"href":"https:\/\/forumnaucalpan.com.mx\/index.php\/wp-json\/wp\/v2\/comments?post=1986"}],"version-history":[{"count":16,"href":"https:\/\/forumnaucalpan.com.mx\/index.php\/wp-json\/wp\/v2\/pages\/1986\/revisions"}],"predecessor-version":[{"id":2629,"href":"https:\/\/forumnaucalpan.com.mx\/index.php\/wp-json\/wp\/v2\/pages\/1986\/revisions\/2629"}],"wp:attachment":[{"href":"https:\/\/forumnaucalpan.com.mx\/index.php\/wp-json\/wp\/v2\/media?parent=1986"}],"curies":[{"name":"wp","href":"https:\/\/api.w.org\/{rel}","templated":true}]}}