{"id":2342,"date":"2021-12-20T20:46:49","date_gmt":"2021-12-20T20:46:49","guid":{"rendered":"https:\/\/forumnaucalpan.com.mx\/?page_id=2342"},"modified":"2022-02-02T01:31:43","modified_gmt":"2022-02-02T01:31:43","slug":"ubicacion","status":"publish","type":"page","link":"https:\/\/forumnaucalpan.com.mx\/index.php\/ubicacion\/","title":{"rendered":"Ubicacion"},"content":{"rendered":"<p>[vc_row css_animation=\"\" row_type=\"row\" use_row_as_full_screen_section=\"no\" type=\"grid\" angled_section=\"no\" text_align=\"left\" background_image_as_pattern=\"without_pattern\" z_index=\"\"][vc_column width=\"1\/6\"][\/vc_column][vc_column width=\"2\/3\"][vc_empty_space][vc_column_text]<\/p>\n<div class=\"elementor-element elementor-element-946f4e3 elementor-widget elementor-widget-text-editor\" data-id=\"946f4e3\" data-element_type=\"widget\" data-widget_type=\"text-editor.default\">\n<div class=\"elementor-widget-container\">\n<p style=\"text-align: center;\">Ofrece un ahorro extraordinario de tiempo sumamente conveniente para todos los colaboradores de su empresa, estando mucho m\u00e1s cerca de los centros de vivienda m\u00e1s densificados del norte de la ciudad.<\/p>\n<\/div>\n<\/div>\n<div class=\"elementor-element elementor-element-5d3a92a elementor-widget elementor-widget-text-editor\" data-id=\"5d3a92a\" data-element_type=\"widget\" data-widget_type=\"text-editor.default\">\n<div class=\"elementor-widget-container\">\n<p style=\"text-align: center;\">El proyecto\u00a0<strong>cuenta con los m\u00e1s f\u00e1ciles accesos,<\/strong>\u00a0evitando as\u00ed que su personal pase la mayor parte de tiempo en el tr\u00e1fico. Adem\u00e1s de la facilidad de traslado en transporte p\u00fablico y se encuentra a tan s\u00f3lo escasos minutos del recientemente renovado CETRAM Cuatro Caminos\/Toreo.<\/p>\n<\/div>\n<\/div>\n<p>[\/vc_column_text][vc_empty_space][\/vc_column][vc_column width=\"1\/6\"][\/vc_column][\/vc_row][vc_row css_animation=\"\" row_type=\"row\" use_row_as_full_screen_section=\"no\" type=\"full_width\" angled_section=\"no\" text_align=\"left\" background_image_as_pattern=\"without_pattern\" z_index=\"\" css=\".vc_custom_1643765398286{background-color: #ededed !important;}\" el_class=\".hideonmobile\"][vc_column][vc_row_inner row_type=\"row\" type=\"grid\" text_align=\"left\" css_animation=\"\"][vc_column_inner][vc_single_image image=\"2437\" img_size=\"full\" alignment=\"center\" onclick=\"custom_link\" qode_css_animation=\"element_from_bottom\" link=\"https:\/\/www.google.com\/maps\/place\/Forum+Naucalpan\/@19.3979426,-99.2658788,11z\/data=!4m9!1m2!2m1!1sforum+naucalpan!3m5!1s0x85d20251925d38e5:0x4e39d2b903ec5980!8m2!3d19.4656449!4d-99.2276514!15sCg9mb3J1bSBuYXVjYWxwYW6SARBjb3Jwb3JhdGVfb2ZmaWNl\"][\/vc_column_inner][\/vc_row_inner][\/vc_column][\/vc_row][vc_row css_animation=\"\" row_type=\"row\" use_row_as_full_screen_section=\"no\" type=\"full_width\" angled_section=\"no\" text_align=\"left\" background_image_as_pattern=\"without_pattern\" z_index=\"\" el_class=\".hideondesktop\"][vc_column][vc_single_image image=\"2610\" img_size=\"full\" alignment=\"center\" onclick=\"custom_link\" qode_css_animation=\"element_from_bottom\" link=\"https:\/\/www.google.com\/maps\/place\/Forum+Naucalpan\/@19.3979426,-99.2658788,11z\/data=!4m9!1m2!2m1!1sforum+naucalpan!3m5!1s0x85d20251925d38e5:0x4e39d2b903ec5980!8m2!3d19.4656449!4d-99.2276514!15sCg9mb3J1bSBuYXVjYWxwYW6SARBjb3Jwb3JhdGVfb2ZmaWNl\"][\/vc_column][\/vc_row]<\/p>\n","protected":false},"excerpt":{"rendered":"<p>[vc_row css_animation=\"\" row_type=\"row\" use_row_as_full_screen_section=\"no\" type=\"grid\" angled_section=\"no\" text_align=\"left\" background_image_as_pattern=\"without_pattern\" z_index=\"\"][vc_column width=\"1\/6\"][\/vc_column][vc_column width=\"2\/3\"][vc_empty_space][vc_column_text] Ofrece un ahorro extraordinario de tiempo sumamente conveniente para todos los colaboradores de su empresa, estando mucho m\u00e1s cerca de los centros de vivienda m\u00e1s densificados del norte de la ciudad. El proyecto\u00a0cuenta con...<\/p>\n","protected":false},"author":1,"featured_media":0,"parent":0,"menu_order":0,"comment_status":"closed","ping_status":"closed","template":"full_width.php","meta":[],"_links":{"self":[{"href":"https:\/\/forumnaucalpan.com.mx\/index.php\/wp-json\/wp\/v2\/pages\/2342"}],"collection":[{"href":"https:\/\/forumnaucalpan.com.mx\/index.php\/wp-json\/wp\/v2\/pages"}],"about":[{"href":"https:\/\/forumnaucalpan.com.mx\/index.php\/wp-json\/wp\/v2\/types\/page"}],"author":[{"embeddable":true,"href":"https:\/\/forumnaucalpan.com.mx\/index.php\/wp-json\/wp\/v2\/users\/1"}],"replies":[{"embeddable":true,"href":"https:\/\/forumnaucalpan.com.mx\/index.php\/wp-json\/wp\/v2\/comments?post=2342"}],"version-history":[{"count":19,"href":"https:\/\/forumnaucalpan.com.mx\/index.php\/wp-json\/wp\/v2\/pages\/2342\/revisions"}],"predecessor-version":[{"id":2612,"href":"https:\/\/forumnaucalpan.com.mx\/index.php\/wp-json\/wp\/v2\/pages\/2342\/revisions\/2612"}],"wp:attachment":[{"href":"https:\/\/forumnaucalpan.com.mx\/index.php\/wp-json\/wp\/v2\/media?parent=2342"}],"curies":[{"name":"wp","href":"https:\/\/api.w.org\/{rel}","templated":true}]}}